{"id":4188,"date":"2022-10-31T07:17:14","date_gmt":"2022-10-31T06:17:14","guid":{"rendered":"https:\/\/bodegonazoque.com\/menu-degustacion\/"},"modified":"2023-04-19T08:18:56","modified_gmt":"2023-04-19T06:18:56","slug":"tasting-menu","status":"publish","type":"page","link":"https:\/\/bodegonazoque.com\/en\/tasting-menu\/","title":{"rendered":"Tasting menu"},"content":{"rendered":"\t\t<div data-elementor-type=\"wp-page\" data-elementor-id=\"4188\" class=\"elementor elementor-4188 elementor-4179\" data-elementor-post-type=\"page\">\n\t\t\t\t\t\t<section class=\"elementor-section elementor-top-section elementor-element elementor-element-ef6709a elementor-section-full_width elementor-section-height-min-height elementor-section-height-default elementor-section-items-middle\" data-id=\"ef6709a\" data-element_type=\"section\" data-e-type=\"section\" data-settings=\"{&quot;background_background&quot;:&quot;classic&quot;,&quot;shape_divider_bottom&quot;:&quot;mountains&quot;}\">\n\t\t\t\t\t\t\t<div class=\"elementor-background-overlay\"><\/div>\n\t\t\t\t\t\t<div class=\"elementor-shape elementor-shape-bottom\" aria-hidden=\"true\" data-negative=\"false\">\n\t\t\t<svg xmlns=\"http:\/\/www.w3.org\/2000\/svg\" viewBox=\"0 0 1000 100\" preserveAspectRatio=\"none\">\n\t<path class=\"elementor-shape-fill\" opacity=\"0.33\" d=\"M473,67.3c-203.9,88.3-263.1-34-320.3,0C66,119.1,0,59.7,0,59.7V0h1000v59.7 c0,0-62.1,26.1-94.9,29.3c-32.8,3.3-62.8-12.3-75.8-22.1C806,49.6,745.3,8.7,694.9,4.7S492.4,59,473,67.3z\"\/>\n\t<path class=\"elementor-shape-fill\" opacity=\"0.66\" d=\"M734,67.3c-45.5,0-77.2-23.2-129.1-39.1c-28.6-8.7-150.3-10.1-254,39.1 s-91.7-34.4-149.2,0C115.7,118.3,0,39.8,0,39.8V0h1000v36.5c0,0-28.2-18.5-92.1-18.5C810.2,18.1,775.7,67.3,734,67.3z\"\/>\n\t<path class=\"elementor-shape-fill\" d=\"M766.1,28.9c-200-57.5-266,65.5-395.1,19.5C242,1.8,242,5.4,184.8,20.6C128,35.8,132.3,44.9,89.9,52.5C28.6,63.7,0,0,0,0 h1000c0,0-9.9,40.9-83.6,48.1S829.6,47,766.1,28.9z\"\/>\n<\/svg>\t\t<\/div>\n\t\t\t\t\t<div class=\"elementor-container elementor-column-gap-default\">\n\t\t\t\t\t<div class=\"elementor-column elementor-col-100 elementor-top-column elementor-element elementor-element-14d1999\" data-id=\"14d1999\" data-element_type=\"column\" data-e-type=\"column\">\n\t\t\t<div class=\"elementor-widget-wrap elementor-element-populated\">\n\t\t\t\t\t\t<div class=\"elementor-element elementor-element-172ee5d elementor-widget elementor-widget-spacer\" data-id=\"172ee5d\" data-element_type=\"widget\" data-e-type=\"widget\" data-widget_type=\"spacer.default\">\n\t\t\t\t<div class=\"elementor-widget-container\">\n\t\t\t\t\t\t\t<div class=\"elementor-spacer\">\n\t\t\t<div class=\"elementor-spacer-inner\"><\/div>\n\t\t<\/div>\n\t\t\t\t\t\t<\/div>\n\t\t\t\t<\/div>\n\t\t\t\t<div class=\"elementor-element elementor-element-706e66e elementor-widget elementor-widget-spacer\" data-id=\"706e66e\" data-element_type=\"widget\" data-e-type=\"widget\" data-widget_type=\"spacer.default\">\n\t\t\t\t<div class=\"elementor-widget-container\">\n\t\t\t\t\t\t\t<div class=\"elementor-spacer\">\n\t\t\t<div class=\"elementor-spacer-inner\"><\/div>\n\t\t<\/div>\n\t\t\t\t\t\t<\/div>\n\t\t\t\t<\/div>\n\t\t\t\t<section class=\"elementor-section elementor-inner-section elementor-element elementor-element-b58c0fa elementor-section-boxed elementor-section-height-default elementor-section-height-default\" data-id=\"b58c0fa\" data-element_type=\"section\" data-e-type=\"section\">\n\t\t\t\t\t\t<div class=\"elementor-container elementor-column-gap-default\">\n\t\t\t\t\t<div class=\"elementor-column elementor-col-100 elementor-inner-column elementor-element elementor-element-10f149a\" data-id=\"10f149a\" data-element_type=\"column\" data-e-type=\"column\">\n\t\t\t<div class=\"elementor-widget-wrap elementor-element-populated\">\n\t\t\t\t\t\t<div class=\"elementor-element elementor-element-4dfc2dd elementor-widget elementor-widget-heading\" data-id=\"4dfc2dd\" data-element_type=\"widget\" data-e-type=\"widget\" data-widget_type=\"heading.default\">\n\t\t\t\t<div class=\"elementor-widget-container\">\n\t\t\t\t\t<h2 class=\"elementor-heading-title elementor-size-default\"><span style=\"font-size: 1.5em\">T<\/span>asting<\/h2>\t\t\t\t<\/div>\n\t\t\t\t<\/div>\n\t\t\t\t<div class=\"elementor-element elementor-element-80cb0fb elementor-widget elementor-widget-heading\" data-id=\"80cb0fb\" data-element_type=\"widget\" data-e-type=\"widget\" data-widget_type=\"heading.default\">\n\t\t\t\t<div class=\"elementor-widget-container\">\n\t\t\t\t\t<h2 class=\"elementor-heading-title elementor-size-default\">Menu<\/h2>\t\t\t\t<\/div>\n\t\t\t\t<\/div>\n\t\t\t\t\t<\/div>\n\t\t<\/div>\n\t\t\t\t\t<\/div>\n\t\t<\/section>\n\t\t\t\t\t<\/div>\n\t\t<\/div>\n\t\t\t\t\t<\/div>\n\t\t<\/section>\n\t\t\t\t<section class=\"elementor-section elementor-top-section elementor-element elementor-element-d3c7726 elementor-section-boxed elementor-section-height-default elementor-section-height-default\" data-id=\"d3c7726\" data-element_type=\"section\" data-e-type=\"section\">\n\t\t\t\t\t\t<div class=\"elementor-container elementor-column-gap-default\">\n\t\t\t\t\t<div class=\"elementor-column elementor-col-100 elementor-top-column elementor-element elementor-element-581935d\" data-id=\"581935d\" data-element_type=\"column\" data-e-type=\"column\" data-settings=\"{&quot;background_background&quot;:&quot;classic&quot;}\">\n\t\t\t<div class=\"elementor-widget-wrap elementor-element-populated\">\n\t\t\t\t\t\t<div class=\"elementor-element elementor-element-009e251 elementor-widget elementor-widget-spacer\" data-id=\"009e251\" data-element_type=\"widget\" data-e-type=\"widget\" data-widget_type=\"spacer.default\">\n\t\t\t\t<div class=\"elementor-widget-container\">\n\t\t\t\t\t\t\t<div class=\"elementor-spacer\">\n\t\t\t<div class=\"elementor-spacer-inner\"><\/div>\n\t\t<\/div>\n\t\t\t\t\t\t<\/div>\n\t\t\t\t<\/div>\n\t\t\t\t<section class=\"elementor-section elementor-inner-section elementor-element elementor-element-295ccce elementor-section-boxed elementor-section-height-default elementor-section-height-default\" data-id=\"295ccce\" data-element_type=\"section\" data-e-type=\"section\">\n\t\t\t\t\t\t<div class=\"elementor-container elementor-column-gap-default\">\n\t\t\t\t\t<div class=\"elementor-column elementor-col-16 elementor-inner-column elementor-element elementor-element-31ca743\" data-id=\"31ca743\" data-element_type=\"column\" data-e-type=\"column\">\n\t\t\t<div class=\"elementor-widget-wrap\">\n\t\t\t\t\t\t\t<\/div>\n\t\t<\/div>\n\t\t\t\t<div class=\"elementor-column elementor-col-66 elementor-inner-column elementor-element elementor-element-29b3ca8\" data-id=\"29b3ca8\" data-element_type=\"column\" data-e-type=\"column\">\n\t\t\t<div class=\"elementor-widget-wrap elementor-element-populated\">\n\t\t\t\t\t\t<div class=\"elementor-element elementor-element-32a187f elementor-widget elementor-widget-text-editor\" data-id=\"32a187f\" data-element_type=\"widget\" data-e-type=\"widget\" data-widget_type=\"text-editor.default\">\n\t\t\t\t<div class=\"elementor-widget-container\">\n\t\t\t\t\t\t\t\t\t<p><strong>Cerdo Ib\u00e9rico&#8230;.<br \/><\/strong>Steak Tartar de Presa Ib\u00e9rica al Pesto<\/p><p><strong>Cordero&#8230;..<br \/><\/strong>Zarajo de Cuenca<\/p><p><strong>Vaca&#8230;.<br \/><\/strong>Solomillo de Vaca Madurado<\/p><p><strong>Cerdo Blanco&#8230;.<br \/><\/strong>Carrillera de Blanco Mechado de Queso de Toledo<\/p><p><strong>Derivados de Cabr\u00e1, Oveja y Vaca&#8230;.<br \/><\/strong>Trif\u00e1sico de Quesos en Crema y Picos Artesanos<\/p>\t\t\t\t\t\t\t\t<\/div>\n\t\t\t\t<\/div>\n\t\t\t\t<div class=\"elementor-element elementor-element-573ac03 elementor-align-center elementor-widget elementor-widget-button\" data-id=\"573ac03\" data-element_type=\"widget\" data-e-type=\"widget\" data-widget_type=\"button.default\">\n\t\t\t\t<div class=\"elementor-widget-container\">\n\t\t\t\t\t\t\t\t\t<div class=\"elementor-button-wrapper\">\n\t\t\t\t\t<a class=\"elementor-button elementor-size-sm\" role=\"button\">\n\t\t\t\t\t\t<span class=\"elementor-button-content-wrapper\">\n\t\t\t\t\t\t\t\t\t<span class=\"elementor-button-text\"><b>Bodega:<\/b><br> 'Sommos Colecci\u00f3n Merlot 2015'<\/span>\n\t\t\t\t\t<\/span>\n\t\t\t\t\t<\/a>\n\t\t\t\t<\/div>\n\t\t\t\t\t\t\t\t<\/div>\n\t\t\t\t<\/div>\n\t\t\t\t\t<\/div>\n\t\t<\/div>\n\t\t\t\t<div class=\"elementor-column elementor-col-16 elementor-inner-column elementor-element elementor-element-956f84e\" data-id=\"956f84e\" data-element_type=\"column\" data-e-type=\"column\">\n\t\t\t<div class=\"elementor-widget-wrap\">\n\t\t\t\t\t\t\t<\/div>\n\t\t<\/div>\n\t\t\t\t\t<\/div>\n\t\t<\/section>\n\t\t\t\t<section class=\"elementor-section elementor-inner-section elementor-element elementor-element-9a24611 elementor-section-boxed elementor-section-height-default elementor-section-height-default\" data-id=\"9a24611\" data-element_type=\"section\" data-e-type=\"section\">\n\t\t\t\t\t\t<div class=\"elementor-container elementor-column-gap-default\">\n\t\t\t\t\t<div class=\"elementor-column elementor-col-33 elementor-inner-column elementor-element elementor-element-abefb42\" data-id=\"abefb42\" data-element_type=\"column\" data-e-type=\"column\">\n\t\t\t<div class=\"elementor-widget-wrap\">\n\t\t\t\t\t\t\t<\/div>\n\t\t<\/div>\n\t\t\t\t<div class=\"elementor-column elementor-col-33 elementor-inner-column elementor-element elementor-element-0375d06\" data-id=\"0375d06\" data-element_type=\"column\" data-e-type=\"column\">\n\t\t\t<div class=\"elementor-widget-wrap elementor-element-populated\">\n\t\t\t\t\t\t<div class=\"elementor-element elementor-element-9b2d7b6 elementor-widget__width-auto elementor-widget elementor-widget-heading\" data-id=\"9b2d7b6\" data-element_type=\"widget\" data-e-type=\"widget\" data-widget_type=\"heading.default\">\n\t\t\t\t<div class=\"elementor-widget-container\">\n\t\t\t\t\t<h2 class=\"elementor-heading-title elementor-size-default\"><strong>Price: 60,00\u20ac<\/strong> <span style=\"font-size: 12px\">(IVA incluido)<\/span><\/h2>\t\t\t\t<\/div>\n\t\t\t\t<\/div>\n\t\t\t\t\t<\/div>\n\t\t<\/div>\n\t\t\t\t<div class=\"elementor-column elementor-col-33 elementor-inner-column elementor-element elementor-element-1192ecb\" data-id=\"1192ecb\" data-element_type=\"column\" data-e-type=\"column\">\n\t\t\t<div class=\"elementor-widget-wrap\">\n\t\t\t\t\t\t\t<\/div>\n\t\t<\/div>\n\t\t\t\t\t<\/div>\n\t\t<\/section>\n\t\t\t\t<div class=\"elementor-element elementor-element-d510cec elementor-widget elementor-widget-spacer\" data-id=\"d510cec\" data-element_type=\"widget\" data-e-type=\"widget\" data-widget_type=\"spacer.default\">\n\t\t\t\t<div class=\"elementor-widget-container\">\n\t\t\t\t\t\t\t<div class=\"elementor-spacer\">\n\t\t\t<div class=\"elementor-spacer-inner\"><\/div>\n\t\t<\/div>\n\t\t\t\t\t\t<\/div>\n\t\t\t\t<\/div>\n\t\t\t\t\t<\/div>\n\t\t<\/div>\n\t\t\t\t\t<\/div>\n\t\t<\/section>\n\t\t\t\t<\/div>\n\t\t","protected":false},"excerpt":{"rendered":"<p>Tasting Menu Cerdo Ib\u00e9rico&#8230;.Steak Tartar de Presa Ib\u00e9rica al Pesto Cordero&#8230;..Zarajo de Cuenca Vaca&#8230;.Solomillo de Vaca Madurado Cerdo Blanco&#8230;.Carrillera de Blanco Mechado de Queso de Toledo Derivados de Cabr\u00e1, Oveja y Vaca&#8230;.Trif\u00e1sico de Quesos en Crema y Picos Artesanos Bodega: &#8216;Sommos Colecci\u00f3n Merlot 2015&#8217; Price: 60,00\u20ac (IVA incluido)<\/p>\n","protected":false},"author":3,"featured_media":0,"parent":0,"menu_order":0,"comment_status":"closed","ping_status":"closed","template":"","meta":{"site-sidebar-layout":"no-sidebar","site-content-layout":"page-builder","ast-site-content-layout":"full-width-container","site-content-style":"unboxed","site-sidebar-style":"unboxed","ast-global-header-display":"","ast-banner-title-visibility":"","ast-main-header-display":"","ast-hfb-above-header-display":"","ast-hfb-below-header-display":"","ast-hfb-mobile-header-display":"","site-post-title":"disabled","ast-breadcrumbs-content":"","ast-featured-img":"disabled","footer-sml-layout":"","ast-disable-related-posts":"","theme-transparent-header-meta":"default","adv-header-id-meta":"","stick-header-meta":"","header-above-stick-meta":"","header-main-stick-meta":"","header-below-stick-meta":"","astra-migrate-meta-layouts":"default","ast-page-background-enabled":"default","ast-page-background-meta":{"desktop":{"background-color":"var(--ast-global-color-4)","background-image":"","background-repeat":"repeat","background-position":"center center","background-size":"auto","background-attachment":"scroll","background-type":"","background-media":"","overlay-type":"","overlay-color":"","overlay-opacity":"","overlay-gradient":""},"tablet":{"background-color":"","background-image":"","background-repeat":"repeat","background-position":"center center","background-size":"auto","background-attachment":"scroll","background-type":"","background-media":"","overlay-type":"","overlay-color":"","overlay-opacity":"","overlay-gradient":""},"mobile":{"background-color":"","background-image":"","background-repeat":"repeat","background-position":"center center","background-size":"auto","background-attachment":"scroll","background-type":"","background-media":"","overlay-type":"","overlay-color":"","overlay-opacity":"","overlay-gradient":""}},"ast-content-background-meta":{"desktop":{"background-color":"var(--ast-global-color-5)","background-image":"","background-repeat":"repeat","background-position":"center center","background-size":"auto","background-attachment":"scroll","background-type":"","background-media":"","overlay-type":"","overlay-color":"","overlay-opacity":"","overlay-gradient":""},"tablet":{"background-color":"var(--ast-global-color-5)","background-image":"","background-repeat":"repeat","background-position":"center center","background-size":"auto","background-attachment":"scroll","background-type":"","background-media":"","overlay-type":"","overlay-color":"","overlay-opacity":"","overlay-gradient":""},"mobile":{"background-color":"var(--ast-global-color-5)","background-image":"","background-repeat":"repeat","background-position":"center center","background-size":"auto","background-attachment":"scroll","background-type":"","background-media":"","overlay-type":"","overlay-color":"","overlay-opacity":"","overlay-gradient":""}},"footnotes":""},"class_list":["post-4188","page","type-page","status-publish","hentry"],"yoast_head":"<!-- This site is optimized with the Yoast SEO plugin v27.0 - https:\/\/yoast.com\/product\/yoast-seo-wordpress\/ -->\n<title>Tasting menu - Bodeg\u00f3n Azoque<\/title>\n<meta name=\"robots\" content=\"index, follow, max-snippet:-1, max-image-preview:large, max-video-preview:-1\" \/>\n<link rel=\"canonical\" href=\"https:\/\/bodegonazoque.com\/menu-degustacion\/\" \/>\n<meta property=\"og:locale\" content=\"en_US\" \/>\n<meta property=\"og:type\" content=\"article\" \/>\n<meta property=\"og:title\" content=\"Tasting menu - Bodeg\u00f3n Azoque\" \/>\n<meta property=\"og:description\" content=\"Tasting Menu Cerdo Ib\u00e9rico&#8230;.Steak Tartar de Presa Ib\u00e9rica al Pesto Cordero&#8230;..Zarajo de Cuenca Vaca&#8230;.Solomillo de Vaca Madurado Cerdo Blanco&#8230;.Carrillera de Blanco Mechado de Queso de Toledo Derivados de Cabr\u00e1, Oveja y Vaca&#8230;.Trif\u00e1sico de Quesos en Crema y Picos Artesanos Bodega: &#8216;Sommos Colecci\u00f3n Merlot 2015&#8217; Price: 60,00\u20ac (IVA incluido)\" \/>\n<meta property=\"og:url\" content=\"https:\/\/bodegonazoque.com\/menu-degustacion\/\" \/>\n<meta property=\"og:site_name\" content=\"Bodeg\u00f3n Azoque\" \/>\n<meta property=\"article:publisher\" content=\"https:\/\/www.facebook.com\/bodegonazoque\" \/>\n<meta property=\"article:modified_time\" content=\"2023-04-19T06:18:56+00:00\" \/>\n<meta name=\"twitter:card\" content=\"summary_large_image\" \/>\n<meta name=\"twitter:label1\" content=\"Est. reading time\" \/>\n\t<meta name=\"twitter:data1\" content=\"1 minute\" \/>\n<script type=\"application\/ld+json\" class=\"yoast-schema-graph\">{\"@context\":\"https:\/\/schema.org\",\"@graph\":[{\"@type\":\"WebPage\",\"@id\":\"https:\/\/bodegonazoque.com\/menu-degustacion\/\",\"url\":\"https:\/\/bodegonazoque.com\/menu-degustacion\/\",\"name\":\"Tasting menu - Bodeg\u00f3n Azoque\",\"isPartOf\":{\"@id\":\"https:\/\/bodegonazoque.com\/#website\"},\"datePublished\":\"2022-10-31T06:17:14+00:00\",\"dateModified\":\"2023-04-19T06:18:56+00:00\",\"breadcrumb\":{\"@id\":\"https:\/\/bodegonazoque.com\/menu-degustacion\/#breadcrumb\"},\"inLanguage\":\"en-US\",\"potentialAction\":[{\"@type\":\"ReadAction\",\"target\":[\"https:\/\/bodegonazoque.com\/menu-degustacion\/\"]}]},{\"@type\":\"BreadcrumbList\",\"@id\":\"https:\/\/bodegonazoque.com\/menu-degustacion\/#breadcrumb\",\"itemListElement\":[{\"@type\":\"ListItem\",\"position\":1,\"name\":\"Portada\",\"item\":\"https:\/\/bodegonazoque.com\/\"},{\"@type\":\"ListItem\",\"position\":2,\"name\":\"Tasting menu\"}]},{\"@type\":\"WebSite\",\"@id\":\"https:\/\/bodegonazoque.com\/#website\",\"url\":\"https:\/\/bodegonazoque.com\/\",\"name\":\"Bodeg\u00f3n Azoque\",\"description\":\"Restaurante en Zaragoza\",\"publisher\":{\"@id\":\"https:\/\/bodegonazoque.com\/#organization\"},\"potentialAction\":[{\"@type\":\"SearchAction\",\"target\":{\"@type\":\"EntryPoint\",\"urlTemplate\":\"https:\/\/bodegonazoque.com\/?s={search_term_string}\"},\"query-input\":{\"@type\":\"PropertyValueSpecification\",\"valueRequired\":true,\"valueName\":\"search_term_string\"}}],\"inLanguage\":\"en-US\"},{\"@type\":\"Organization\",\"@id\":\"https:\/\/bodegonazoque.com\/#organization\",\"name\":\"Restaurante Bodeg\u00f3n Azoque\",\"url\":\"https:\/\/bodegonazoque.com\/\",\"logo\":{\"@type\":\"ImageObject\",\"inLanguage\":\"en-US\",\"@id\":\"https:\/\/bodegonazoque.com\/#\/schema\/logo\/image\/\",\"url\":\"https:\/\/bodegonazoque.com\/wp-content\/uploads\/2017\/11\/LOGO-AZOQUE-VECTOR-BN.png\",\"contentUrl\":\"https:\/\/bodegonazoque.com\/wp-content\/uploads\/2017\/11\/LOGO-AZOQUE-VECTOR-BN.png\",\"width\":310,\"height\":268,\"caption\":\"Restaurante Bodeg\u00f3n Azoque\"},\"image\":{\"@id\":\"https:\/\/bodegonazoque.com\/#\/schema\/logo\/image\/\"},\"sameAs\":[\"https:\/\/www.facebook.com\/bodegonazoque\",\"https:\/\/www.instagram.com\/bodegon_azoque\/\"]}]}<\/script>\n<!-- \/ Yoast SEO plugin. -->","yoast_head_json":{"title":"Tasting menu - Bodeg\u00f3n Azoque","robots":{"index":"index","follow":"follow","max-snippet":"max-snippet:-1","max-image-preview":"max-image-preview:large","max-video-preview":"max-video-preview:-1"},"canonical":"https:\/\/bodegonazoque.com\/menu-degustacion\/","og_locale":"en_US","og_type":"article","og_title":"Tasting menu - Bodeg\u00f3n Azoque","og_description":"Tasting Menu Cerdo Ib\u00e9rico&#8230;.Steak Tartar de Presa Ib\u00e9rica al Pesto Cordero&#8230;..Zarajo de Cuenca Vaca&#8230;.Solomillo de Vaca Madurado Cerdo Blanco&#8230;.Carrillera de Blanco Mechado de Queso de Toledo Derivados de Cabr\u00e1, Oveja y Vaca&#8230;.Trif\u00e1sico de Quesos en Crema y Picos Artesanos Bodega: &#8216;Sommos Colecci\u00f3n Merlot 2015&#8217; Price: 60,00\u20ac (IVA incluido)","og_url":"https:\/\/bodegonazoque.com\/menu-degustacion\/","og_site_name":"Bodeg\u00f3n Azoque","article_publisher":"https:\/\/www.facebook.com\/bodegonazoque","article_modified_time":"2023-04-19T06:18:56+00:00","twitter_card":"summary_large_image","twitter_misc":{"Est. reading time":"1 minute"},"schema":{"@context":"https:\/\/schema.org","@graph":[{"@type":"WebPage","@id":"https:\/\/bodegonazoque.com\/menu-degustacion\/","url":"https:\/\/bodegonazoque.com\/menu-degustacion\/","name":"Tasting menu - Bodeg\u00f3n Azoque","isPartOf":{"@id":"https:\/\/bodegonazoque.com\/#website"},"datePublished":"2022-10-31T06:17:14+00:00","dateModified":"2023-04-19T06:18:56+00:00","breadcrumb":{"@id":"https:\/\/bodegonazoque.com\/menu-degustacion\/#breadcrumb"},"inLanguage":"en-US","potentialAction":[{"@type":"ReadAction","target":["https:\/\/bodegonazoque.com\/menu-degustacion\/"]}]},{"@type":"BreadcrumbList","@id":"https:\/\/bodegonazoque.com\/menu-degustacion\/#breadcrumb","itemListElement":[{"@type":"ListItem","position":1,"name":"Portada","item":"https:\/\/bodegonazoque.com\/"},{"@type":"ListItem","position":2,"name":"Tasting menu"}]},{"@type":"WebSite","@id":"https:\/\/bodegonazoque.com\/#website","url":"https:\/\/bodegonazoque.com\/","name":"Bodeg\u00f3n Azoque","description":"Restaurante en Zaragoza","publisher":{"@id":"https:\/\/bodegonazoque.com\/#organization"},"potentialAction":[{"@type":"SearchAction","target":{"@type":"EntryPoint","urlTemplate":"https:\/\/bodegonazoque.com\/?s={search_term_string}"},"query-input":{"@type":"PropertyValueSpecification","valueRequired":true,"valueName":"search_term_string"}}],"inLanguage":"en-US"},{"@type":"Organization","@id":"https:\/\/bodegonazoque.com\/#organization","name":"Restaurante Bodeg\u00f3n Azoque","url":"https:\/\/bodegonazoque.com\/","logo":{"@type":"ImageObject","inLanguage":"en-US","@id":"https:\/\/bodegonazoque.com\/#\/schema\/logo\/image\/","url":"https:\/\/bodegonazoque.com\/wp-content\/uploads\/2017\/11\/LOGO-AZOQUE-VECTOR-BN.png","contentUrl":"https:\/\/bodegonazoque.com\/wp-content\/uploads\/2017\/11\/LOGO-AZOQUE-VECTOR-BN.png","width":310,"height":268,"caption":"Restaurante Bodeg\u00f3n Azoque"},"image":{"@id":"https:\/\/bodegonazoque.com\/#\/schema\/logo\/image\/"},"sameAs":["https:\/\/www.facebook.com\/bodegonazoque","https:\/\/www.instagram.com\/bodegon_azoque\/"]}]}},"_links":{"self":[{"href":"https:\/\/bodegonazoque.com\/en\/wp-json\/wp\/v2\/pages\/4188","targetHints":{"allow":["GET"]}}],"collection":[{"href":"https:\/\/bodegonazoque.com\/en\/wp-json\/wp\/v2\/pages"}],"about":[{"href":"https:\/\/bodegonazoque.com\/en\/wp-json\/wp\/v2\/types\/page"}],"author":[{"embeddable":true,"href":"https:\/\/bodegonazoque.com\/en\/wp-json\/wp\/v2\/users\/3"}],"replies":[{"embeddable":true,"href":"https:\/\/bodegonazoque.com\/en\/wp-json\/wp\/v2\/comments?post=4188"}],"version-history":[{"count":7,"href":"https:\/\/bodegonazoque.com\/en\/wp-json\/wp\/v2\/pages\/4188\/revisions"}],"predecessor-version":[{"id":4530,"href":"https:\/\/bodegonazoque.com\/en\/wp-json\/wp\/v2\/pages\/4188\/revisions\/4530"}],"wp:attachment":[{"href":"https:\/\/bodegonazoque.com\/en\/wp-json\/wp\/v2\/media?parent=4188"}],"curies":[{"name":"wp","href":"https:\/\/api.w.org\/{rel}","templated":true}]}}